{"id":9,"date":"2015-02-10T19:21:19","date_gmt":"2015-02-10T19:21:19","guid":{"rendered":"https:\/\/avada.theme-fusion.com_demos\/architecture\/?page_id=9"},"modified":"2023-07-17T22:54:38","modified_gmt":"2023-07-17T22:54:38","slug":"sobre-nosotros","status":"publish","type":"page","link":"https:\/\/o-mas-proyectos.com\/v4\/sobre-nosotros\/","title":{"rendered":"Sobre Nosotros"},"content":{"rendered":"<div class=\"fusion-fullwidth fullwidth-box fusion-builder-row-1 fusion-flex-container nonhundred-percent-fullwidth non-hundred-percent-height-scrolling\" style=\"--awb-background-position:left top;--awb-border-sizes-top:0px;--awb-border-sizes-bottom:0px;--awb-border-sizes-left:0px;--awb-border-sizes-right:0px;--awb-border-radius-top-left:0px;--awb-border-radius-top-right:0px;--awb-border-radius-bottom-right:0px;--awb-border-radius-bottom-left:0px;--awb-padding-top:150px;--awb-padding-bottom:150px;\" ><div class=\"fusion-builder-row fusion-row fusion-flex-align-items-flex-start\" style=\"max-width:1216.8px;margin-left: calc(-4% \/ 2 );margin-right: calc(-4% \/ 2 );\"><div class=\"fusion-layout-column fusion_builder_column fusion-builder-column-0 fusion_builder_column_1_2 1_2 fusion-flex-column\" style=\"--awb-bg-blend:overlay;--awb-bg-size:cover;--awb-width-large:50%;--awb-margin-top-large:0px;--awb-spacing-right-large:3.84%;--awb-margin-bottom-large:20px;--awb-spacing-left-large:3.84%;--awb-width-medium:100%;--awb-spacing-right-medium:1.92%;--awb-spacing-left-medium:1.92%;--awb-width-small:100%;--awb-spacing-right-small:1.92%;--awb-spacing-left-small:1.92%;\"><div class=\"fusion-column-wrapper fusion-flex-justify-content-flex-start fusion-content-layout-column\"><div class=\"fusion-title title fusion-title-1 fusion-sep-none fusion-title-text fusion-title-size-two\" style=\"--awb-margin-bottom:50px;\"><h2 class=\"title-heading-left fusion-responsive-typography-calculated\" style=\"margin:0;text-transform:capitalize;--fontSize:48;line-height:var(--awb-typography1-line-height);\">NUESTRA HISTORIA<\/h2><\/div><div class=\"fusion-separator\" style=\"align-self: flex-start;margin-right:auto;margin-top:0px;margin-bottom:40px;width:100%;max-width:170px;\"><div class=\"fusion-separator-border sep-single sep-solid\" style=\"--awb-height:20px;--awb-amount:20px;--awb-sep-color:var(--awb-color3);border-color:var(--awb-color3);border-top-width:3px;\"><\/div><\/div><div class=\"fusion-text fusion-text-1\" style=\"--awb-font-size:var(--awb-typography2-font-size);--awb-line-height:var(--awb-typography2-line-height);--awb-letter-spacing:var(--awb-typography2-letter-spacing);--awb-text-transform:var(--awb-typography2-text-transform);--awb-text-font-family:var(--awb-typography2-font-family);--awb-text-font-weight:var(--awb-typography2-font-weight);--awb-text-font-style:var(--awb-typography2-font-style);\"><p>O+ Proyectos es la s\u00edntesis y continuidad de los estudios Carre\u00f1o y Orbaiz (1935-1974) y Orbaiz y Asociados (1974-2009) en el siglo XXI.<\/p>\n<\/div><div class=\"fusion-separator\" style=\"align-self: flex-start;margin-right:auto;margin-top:0px;margin-bottom:30px;width:100%;max-width:170px;\"><\/div><div class=\"fusion-text fusion-text-2\"><p><span style=\"font-weight: 400;\">Los arquitectos titulares de las diferentes etapas han sido egresados de la Universidad de Buenos Aires y desarrollado diferentes especialidades en la producci\u00f3n de arquitectura.<\/span><\/p>\n<p><span style=\"font-weight: 400;\">Inicialmente el estudio Carre\u00f1o y Orbaiz (1935-1974) se caracteriz\u00f3 por una gran producci\u00f3n en edificios de propiedad horizontal, trazando el perfil de la Buenos Aires moderna de los a\u00f1os 40\u2019s, 50\u2019s y 60\u2019s.<\/span><\/p>\n<p><span style=\"font-weight: 400;\">En la segunda etapa (1974-2009), el estudio Orbaiz y Asociados cambi\u00f3 su perfil y centraliz\u00f3 sus proyectos y obras en el \u00e1mbito corporativo desarrollando oficinas e industrias para el sector petroqu\u00edmico, oleaginoso y petrolero.<br \/>\n<\/span><\/p>\n<p data-pm-slice=\"1 1 &#091;&#093;\">La tercera generaci\u00f3n del estudio, O+Proyectos esta dirigida por el arquitecto Matias Orbaiz desde 2013 sumando al recorrido del estudio las miradas de sustentabilidad, el gerenciamiento y la consultor\u00eda estrat\u00e9gica de nuevos negocios.<\/p>\n<p>En la d\u00e9cada de los 2010&#8217;s, O+Proyectos se ha especializado en desarrollos industriales corporativos \u00abBuild-to-suit\u00bb en Argentina, Uruguay y Paraguay.<\/p>\n<\/div><\/div><\/div><div class=\"fusion-layout-column fusion_builder_column fusion-builder-column-1 fusion_builder_column_1_2 1_2 fusion-flex-column\" style=\"--awb-bg-blend:overlay;--awb-bg-size:cover;--awb-width-large:50%;--awb-margin-top-large:0px;--awb-spacing-right-large:3.84%;--awb-margin-bottom-large:20px;--awb-spacing-left-large:3.84%;--awb-width-medium:100%;--awb-spacing-right-medium:1.92%;--awb-spacing-left-medium:1.92%;--awb-width-small:100%;--awb-spacing-right-small:1.92%;--awb-spacing-left-small:1.92%;\"><div class=\"fusion-column-wrapper fusion-flex-justify-content-flex-start fusion-content-layout-column\"><div class=\"fusion-separator\" style=\"align-self: flex-start;margin-right:auto;margin-top:0px;margin-bottom:50px;width:100%;max-width:170px;\"><\/div><div class=\"fusion-image-element \" style=\"--awb-caption-title-font-family:var(--h2_typography-font-family);--awb-caption-title-font-weight:var(--h2_typography-font-weight);--awb-caption-title-font-style:var(--h2_typography-font-style);--awb-caption-title-size:var(--h2_typography-font-size);--awb-caption-title-transform:var(--h2_typography-text-transform);--awb-caption-title-line-height:var(--h2_typography-line-height);--awb-caption-title-letter-spacing:var(--h2_typography-letter-spacing);\"><span class=\" fusion-imageframe imageframe-none imageframe-1 hover-type-zoomin fusion-animated\" data-animationType=\"fadeInDown\" data-animationDuration=\"1\" data-animationOffset=\"top-into-view\" class=\"image-scroll\"><a href=\"https:\/\/o-mas-proyectos.com\/v4\/wp-content\/uploads\/2023\/07\/omasproyectos.jpg\" class=\"fusion-lightbox\" data-rel=\"iLightbox[05e2d0210a7ecc733ba]\" data-title=\"O + Proyectos\" title=\"O + Proyectos\"><img decoding=\"async\" width=\"799\" height=\"1200\" alt=\"O + Proyectos\" src=\"https:\/\/o-mas-proyectos.com\/v4\/wp-content\/uploads\/2023\/07\/omasproyectos.jpg\" data-orig-src=\"https:\/\/o-mas-proyectos.com\/v4\/wp-content\/uploads\/2023\/07\/omasproyectos.jpg\" class=\"lazyload img-responsive wp-image-1318\" srcset=\"data:image\/svg+xml,%3Csvg%20xmlns%3D%27http%3A%2F%2Fwww.w3.org%2F2000%2Fsvg%27%20width%3D%27799%27%20height%3D%271200%27%20viewBox%3D%270%200%20799%201200%27%3E%3Crect%20width%3D%27799%27%20height%3D%271200%27%20fill-opacity%3D%220%22%2F%3E%3C%2Fsvg%3E\" data-srcset=\"https:\/\/o-mas-proyectos.com\/v4\/wp-content\/uploads\/2023\/07\/omasproyectos-200x300.jpg 200w, https:\/\/o-mas-proyectos.com\/v4\/wp-content\/uploads\/2023\/07\/omasproyectos-400x601.jpg 400w, https:\/\/o-mas-proyectos.com\/v4\/wp-content\/uploads\/2023\/07\/omasproyectos-600x901.jpg 600w, https:\/\/o-mas-proyectos.com\/v4\/wp-content\/uploads\/2023\/07\/omasproyectos.jpg 799w\" data-sizes=\"auto\" data-orig-sizes=\"(max-width: 800px) 100vw, (max-width: 640px) 100vw, 600px\" \/><\/a><\/span><\/div><\/div><\/div><\/div><\/div>\n","protected":false},"excerpt":{"rendered":"","protected":false},"author":1,"featured_media":0,"parent":0,"menu_order":0,"comment_status":"closed","ping_status":"open","template":"100-width.php","meta":{"footnotes":""},"class_list":["post-9","page","type-page","status-publish","hentry"],"_links":{"self":[{"href":"https:\/\/o-mas-proyectos.com\/v4\/wp-json\/wp\/v2\/pages\/9","targetHints":{"allow":["GET"]}}],"collection":[{"href":"https:\/\/o-mas-proyectos.com\/v4\/wp-json\/wp\/v2\/pages"}],"about":[{"href":"https:\/\/o-mas-proyectos.com\/v4\/wp-json\/wp\/v2\/types\/page"}],"author":[{"embeddable":true,"href":"https:\/\/o-mas-proyectos.com\/v4\/wp-json\/wp\/v2\/users\/1"}],"replies":[{"embeddable":true,"href":"https:\/\/o-mas-proyectos.com\/v4\/wp-json\/wp\/v2\/comments?post=9"}],"version-history":[{"count":0,"href":"https:\/\/o-mas-proyectos.com\/v4\/wp-json\/wp\/v2\/pages\/9\/revisions"}],"wp:attachment":[{"href":"https:\/\/o-mas-proyectos.com\/v4\/wp-json\/wp\/v2\/media?parent=9"}],"curies":[{"name":"wp","href":"https:\/\/api.w.org\/{rel}","templated":true}]}}